{"id":1346,"date":"2024-06-09T14:07:21","date_gmt":"2024-06-09T12:07:21","guid":{"rendered":"https:\/\/skovbokunst.dk\/?page_id=1346"},"modified":"2024-08-20T09:01:59","modified_gmt":"2024-08-20T07:01:59","slug":"privatlivspolitik","status":"publish","type":"page","link":"https:\/\/skovbokunst.dk\/index.php\/privatlivspolitik\/","title":{"rendered":"Privatlivspolitik"},"content":{"rendered":"\t\t<div data-elementor-type=\"wp-page\" data-elementor-id=\"1346\" class=\"elementor elementor-1346\">\n\t\t\t\t<div class=\"elementor-element elementor-element-ac557b0 e-flex e-con-boxed e-con e-parent\" data-id=\"ac557b0\" data-element_type=\"container\" data-e-type=\"container\">\n\t\t\t\t\t<div class=\"e-con-inner\">\n\t\t\t\t<div class=\"elementor-element elementor-element-9cd31c7 elementor-widget elementor-widget-heading\" data-id=\"9cd31c7\" data-element_type=\"widget\" data-e-type=\"widget\" data-widget_type=\"heading.default\">\n\t\t\t\t<div class=\"elementor-widget-container\">\n\t\t\t\t\t<h2 class=\"elementor-heading-title elementor-size-default\">Privatlivspolitik<\/h2>\t\t\t\t<\/div>\n\t\t\t\t<\/div>\n\t\t<div class=\"elementor-element elementor-element-369b311 e-flex e-con-boxed e-con e-child\" data-id=\"369b311\" data-element_type=\"container\" data-e-type=\"container\">\n\t\t\t\t\t<div class=\"e-con-inner\">\n\t\t\t\t<div class=\"elementor-element elementor-element-2f99eb2 elementor-widget elementor-widget-text-editor\" data-id=\"2f99eb2\" data-element_type=\"widget\" data-e-type=\"widget\" data-widget_type=\"text-editor.default\">\n\t\t\t\t<div class=\"elementor-widget-container\">\n\t\t\t\t\t\t\t\t\t<p><strong>Personoplysninger<br \/><\/strong>Vi registrerer: Navn, adresse, e-mailadresse og telefonnummer, som vi sletter, n\u00e5r de ikke l\u00e6ngere er n\u00f8dvendige.<\/p><p><strong>Form\u00e5l<\/strong><\/p><ul><li>Kunstforeningens medlemsh\u00e5ndtering herunder kontingentopkr\u00e6vning samt deltagelse ved croquisfestivalen<\/li><\/ul><ul><li>Som led i kunstforeningens arrangementer og aktiviteter<\/li><li>Opfyldelse af lovkrav, herunder folkeoplysningsloven<\/li><li>Administration af din relation til os<br \/><br \/><\/li><\/ul><p><strong>Kontaktformularer<br \/><\/strong>N\u00e5r du benytter vores kontaktformularer (indmeldelse, tilmelding og kontakt os) p\u00e5 hjemmesiden sendes oplysningerne til vores mailsystem, for at vi kan behandle din henvendelse. Henvendelserne benyttes ikke til markedsf\u00f8ring eller lignende. Ved tilmelding til croquisfestivalen og ved indmeldelse i Skovbo Kunstforening tillader vi os at tilmelde dig Medlemsnyt, s\u00e5 du l\u00f8bende kan f\u00f8lge med i kunstforeningens og croquisfestivalens tilbud til dig som medlem\/deltager. Du har dog altid mulighed for at afmelde nyhedsbrevene ved at skrive til os.<\/p><p><strong>Vi deler dine data med<\/strong><\/p><ul><li>nordicway.dk for hosting af hjemmeside og e-mail \u2013 Webhotel-filer, SQL-data, backups og e-mails<\/li><li>NemTilmeld.dk for billetsalg til vores arrangementer \u2013 Navn, adresse og e-mailadresse ved billetk\u00f8b<br \/><br \/><\/li><\/ul><p><strong>Opbevaring<br \/><\/strong>Oplysningerne opbevares p\u00e5 PC hos de af bestyrelsen udpegede bestyrelsesmedlemmer til opdatering, opkr\u00e6vning af kontingent samt distribution af Medlemsnyt<\/p><p><strong>Sletning af personoplysninger<br \/><\/strong>Som medlem\/deltager vil vi opbevare dine personoplysninger i en periode fra medlemskabets\/deltagelsens oph\u00f8r og i op til 3 \u00e5r efter udmeldelse.<\/p><p><strong>Tekniske oplysninger\/cookies<br \/><\/strong>\u00a0Hjemmesiden anvender kun n\u00f8dvendige cookies, og vi skal if\u00f8lge lovgivningen derfor ikke indhente samtykke fra dig om brug af cookies.<\/p>\t\t\t\t\t\t\t\t<\/div>\n\t\t\t\t<\/div>\n\t\t\t\t\t<\/div>\n\t\t\t\t<\/div>\n\t\t\t\t\t<\/div>\n\t\t\t\t<\/div>\n\t\t\t\t<\/div>\n\t\t","protected":false},"excerpt":{"rendered":"<p>Privatlivspolitik PersonoplysningerVi registrerer: Navn, adresse, e-mailadresse og telefonnummer, som vi sletter, n\u00e5r de ikke l\u00e6ngere er n\u00f8dvendige. Form\u00e5l Kunstforeningens medlemsh\u00e5ndtering herunder kontingentopkr\u00e6vning samt deltagelse ved croquisfestivalen Som led i kunstforeningens [&hellip;]<\/p>\n","protected":false},"author":1,"featured_media":0,"parent":0,"menu_order":0,"comment_status":"closed","ping_status":"closed","template":"","meta":{"footnotes":"","_links_to":"","_links_to_target":""},"class_list":["post-1346","page","type-page","status-publish","hentry"],"yoast_head":"<!-- This site is optimized with the Yoast SEO plugin v27.4 - https:\/\/yoast.com\/product\/yoast-seo-wordpress\/ -->\n<title>Privatlivspolitik - Skovbo Kunstforening<\/title>\n<meta name=\"robots\" content=\"index, follow, max-snippet:-1, max-image-preview:large, max-video-preview:-1\" \/>\n<link rel=\"canonical\" href=\"https:\/\/skovbokunst.dk\/index.php\/privatlivspolitik\/\" \/>\n<meta property=\"og:locale\" content=\"da_DK\" \/>\n<meta property=\"og:type\" content=\"article\" \/>\n<meta property=\"og:title\" content=\"Privatlivspolitik - Skovbo Kunstforening\" \/>\n<meta property=\"og:description\" content=\"Privatlivspolitik PersonoplysningerVi registrerer: Navn, adresse, e-mailadresse og telefonnummer, som vi sletter, n\u00e5r de ikke l\u00e6ngere er n\u00f8dvendige. Form\u00e5l Kunstforeningens medlemsh\u00e5ndtering herunder kontingentopkr\u00e6vning samt deltagelse ved croquisfestivalen Som led i kunstforeningens [&hellip;]\" \/>\n<meta property=\"og:url\" content=\"https:\/\/skovbokunst.dk\/index.php\/privatlivspolitik\/\" \/>\n<meta property=\"og:site_name\" content=\"Skovbo Kunstforening\" \/>\n<meta property=\"article:modified_time\" content=\"2024-08-20T07:01:59+00:00\" \/>\n<meta name=\"twitter:card\" content=\"summary_large_image\" \/>\n<meta name=\"twitter:label1\" content=\"Estimeret l\u00e6setid\" \/>\n\t<meta name=\"twitter:data1\" content=\"1 minut\" \/>\n<script type=\"application\/ld+json\" class=\"yoast-schema-graph\">{\"@context\":\"https:\\\/\\\/schema.org\",\"@graph\":[{\"@type\":\"WebPage\",\"@id\":\"https:\\\/\\\/skovbokunst.dk\\\/index.php\\\/privatlivspolitik\\\/\",\"url\":\"https:\\\/\\\/skovbokunst.dk\\\/index.php\\\/privatlivspolitik\\\/\",\"name\":\"Privatlivspolitik - Skovbo Kunstforening\",\"isPartOf\":{\"@id\":\"https:\\\/\\\/skovbokunst.dk\\\/#website\"},\"datePublished\":\"2024-06-09T12:07:21+00:00\",\"dateModified\":\"2024-08-20T07:01:59+00:00\",\"breadcrumb\":{\"@id\":\"https:\\\/\\\/skovbokunst.dk\\\/index.php\\\/privatlivspolitik\\\/#breadcrumb\"},\"inLanguage\":\"da-DK\",\"potentialAction\":[{\"@type\":\"ReadAction\",\"target\":[\"https:\\\/\\\/skovbokunst.dk\\\/index.php\\\/privatlivspolitik\\\/\"]}]},{\"@type\":\"BreadcrumbList\",\"@id\":\"https:\\\/\\\/skovbokunst.dk\\\/index.php\\\/privatlivspolitik\\\/#breadcrumb\",\"itemListElement\":[{\"@type\":\"ListItem\",\"position\":1,\"name\":\"Hjem\",\"item\":\"https:\\\/\\\/skovbokunst.dk\\\/\"},{\"@type\":\"ListItem\",\"position\":2,\"name\":\"Privatlivspolitik\"}]},{\"@type\":\"WebSite\",\"@id\":\"https:\\\/\\\/skovbokunst.dk\\\/#website\",\"url\":\"https:\\\/\\\/skovbokunst.dk\\\/\",\"name\":\"Skovbokunst\",\"description\":\"Kunst i Skovbo\",\"publisher\":{\"@id\":\"https:\\\/\\\/skovbokunst.dk\\\/#organization\"},\"potentialAction\":[{\"@type\":\"SearchAction\",\"target\":{\"@type\":\"EntryPoint\",\"urlTemplate\":\"https:\\\/\\\/skovbokunst.dk\\\/?s={search_term_string}\"},\"query-input\":{\"@type\":\"PropertyValueSpecification\",\"valueRequired\":true,\"valueName\":\"search_term_string\"}}],\"inLanguage\":\"da-DK\"},{\"@type\":\"Organization\",\"@id\":\"https:\\\/\\\/skovbokunst.dk\\\/#organization\",\"name\":\"Skovbo Kunstforening\",\"url\":\"https:\\\/\\\/skovbokunst.dk\\\/\",\"logo\":{\"@type\":\"ImageObject\",\"inLanguage\":\"da-DK\",\"@id\":\"https:\\\/\\\/skovbokunst.dk\\\/#\\\/schema\\\/logo\\\/image\\\/\",\"url\":\"https:\\\/\\\/skovbokunst.dk\\\/wp-content\\\/uploads\\\/2025\\\/09\\\/LOGO-med-tekst.jpg\",\"contentUrl\":\"https:\\\/\\\/skovbokunst.dk\\\/wp-content\\\/uploads\\\/2025\\\/09\\\/LOGO-med-tekst.jpg\",\"width\":292,\"height\":38,\"caption\":\"Skovbo Kunstforening\"},\"image\":{\"@id\":\"https:\\\/\\\/skovbokunst.dk\\\/#\\\/schema\\\/logo\\\/image\\\/\"}}]}<\/script>\n<!-- \/ Yoast SEO plugin. -->","yoast_head_json":{"title":"Privatlivspolitik - Skovbo Kunstforening","robots":{"index":"index","follow":"follow","max-snippet":"max-snippet:-1","max-image-preview":"max-image-preview:large","max-video-preview":"max-video-preview:-1"},"canonical":"https:\/\/skovbokunst.dk\/index.php\/privatlivspolitik\/","og_locale":"da_DK","og_type":"article","og_title":"Privatlivspolitik - Skovbo Kunstforening","og_description":"Privatlivspolitik PersonoplysningerVi registrerer: Navn, adresse, e-mailadresse og telefonnummer, som vi sletter, n\u00e5r de ikke l\u00e6ngere er n\u00f8dvendige. Form\u00e5l Kunstforeningens medlemsh\u00e5ndtering herunder kontingentopkr\u00e6vning samt deltagelse ved croquisfestivalen Som led i kunstforeningens [&hellip;]","og_url":"https:\/\/skovbokunst.dk\/index.php\/privatlivspolitik\/","og_site_name":"Skovbo Kunstforening","article_modified_time":"2024-08-20T07:01:59+00:00","twitter_card":"summary_large_image","twitter_misc":{"Estimeret l\u00e6setid":"1 minut"},"schema":{"@context":"https:\/\/schema.org","@graph":[{"@type":"WebPage","@id":"https:\/\/skovbokunst.dk\/index.php\/privatlivspolitik\/","url":"https:\/\/skovbokunst.dk\/index.php\/privatlivspolitik\/","name":"Privatlivspolitik - Skovbo Kunstforening","isPartOf":{"@id":"https:\/\/skovbokunst.dk\/#website"},"datePublished":"2024-06-09T12:07:21+00:00","dateModified":"2024-08-20T07:01:59+00:00","breadcrumb":{"@id":"https:\/\/skovbokunst.dk\/index.php\/privatlivspolitik\/#breadcrumb"},"inLanguage":"da-DK","potentialAction":[{"@type":"ReadAction","target":["https:\/\/skovbokunst.dk\/index.php\/privatlivspolitik\/"]}]},{"@type":"BreadcrumbList","@id":"https:\/\/skovbokunst.dk\/index.php\/privatlivspolitik\/#breadcrumb","itemListElement":[{"@type":"ListItem","position":1,"name":"Hjem","item":"https:\/\/skovbokunst.dk\/"},{"@type":"ListItem","position":2,"name":"Privatlivspolitik"}]},{"@type":"WebSite","@id":"https:\/\/skovbokunst.dk\/#website","url":"https:\/\/skovbokunst.dk\/","name":"Skovbokunst","description":"Kunst i Skovbo","publisher":{"@id":"https:\/\/skovbokunst.dk\/#organization"},"potentialAction":[{"@type":"SearchAction","target":{"@type":"EntryPoint","urlTemplate":"https:\/\/skovbokunst.dk\/?s={search_term_string}"},"query-input":{"@type":"PropertyValueSpecification","valueRequired":true,"valueName":"search_term_string"}}],"inLanguage":"da-DK"},{"@type":"Organization","@id":"https:\/\/skovbokunst.dk\/#organization","name":"Skovbo Kunstforening","url":"https:\/\/skovbokunst.dk\/","logo":{"@type":"ImageObject","inLanguage":"da-DK","@id":"https:\/\/skovbokunst.dk\/#\/schema\/logo\/image\/","url":"https:\/\/skovbokunst.dk\/wp-content\/uploads\/2025\/09\/LOGO-med-tekst.jpg","contentUrl":"https:\/\/skovbokunst.dk\/wp-content\/uploads\/2025\/09\/LOGO-med-tekst.jpg","width":292,"height":38,"caption":"Skovbo Kunstforening"},"image":{"@id":"https:\/\/skovbokunst.dk\/#\/schema\/logo\/image\/"}}]}},"_links":{"self":[{"href":"https:\/\/skovbokunst.dk\/index.php\/wp-json\/wp\/v2\/pages\/1346","targetHints":{"allow":["GET"]}}],"collection":[{"href":"https:\/\/skovbokunst.dk\/index.php\/wp-json\/wp\/v2\/pages"}],"about":[{"href":"https:\/\/skovbokunst.dk\/index.php\/wp-json\/wp\/v2\/types\/page"}],"author":[{"embeddable":true,"href":"https:\/\/skovbokunst.dk\/index.php\/wp-json\/wp\/v2\/users\/1"}],"replies":[{"embeddable":true,"href":"https:\/\/skovbokunst.dk\/index.php\/wp-json\/wp\/v2\/comments?post=1346"}],"version-history":[{"count":28,"href":"https:\/\/skovbokunst.dk\/index.php\/wp-json\/wp\/v2\/pages\/1346\/revisions"}],"predecessor-version":[{"id":1717,"href":"https:\/\/skovbokunst.dk\/index.php\/wp-json\/wp\/v2\/pages\/1346\/revisions\/1717"}],"wp:attachment":[{"href":"https:\/\/skovbokunst.dk\/index.php\/wp-json\/wp\/v2\/media?parent=1346"}],"curies":[{"name":"wp","href":"https:\/\/api.w.org\/{rel}","templated":true}]}}