{"id":25,"date":"2024-04-28T18:09:24","date_gmt":"2024-04-28T18:09:24","guid":{"rendered":"http:\/\/142.132.203.237\/~croquisf\/nykunst\/?page_id=25"},"modified":"2025-01-28T10:48:50","modified_gmt":"2025-01-28T09:48:50","slug":"om-foreningen","status":"publish","type":"page","link":"https:\/\/skovbokunst.dk\/index.php\/om-foreningen\/","title":{"rendered":"Om foreningen"},"content":{"rendered":"\t\t<div data-elementor-type=\"wp-page\" data-elementor-id=\"25\" class=\"elementor elementor-25\">\n\t\t\t\t<div class=\"elementor-element elementor-element-3c2a4d1 e-flex e-con-boxed e-con e-parent\" data-id=\"3c2a4d1\" data-element_type=\"container\" data-e-type=\"container\">\n\t\t\t\t\t<div class=\"e-con-inner\">\n\t\t\t\t<div class=\"elementor-element elementor-element-b03ac33 elementor-widget elementor-widget-heading\" data-id=\"b03ac33\" data-element_type=\"widget\" data-e-type=\"widget\" data-widget_type=\"heading.default\">\n\t\t\t\t<div class=\"elementor-widget-container\">\n\t\t\t\t\t<h2 class=\"elementor-heading-title elementor-size-default\">Skovbo Kunstforenings historie kort<\/h2>\t\t\t\t<\/div>\n\t\t\t\t<\/div>\n\t\t\t\t\t<\/div>\n\t\t\t\t<\/div>\n\t\t<div class=\"elementor-element elementor-element-e703c9e e-flex e-con-boxed e-con e-parent\" data-id=\"e703c9e\" data-element_type=\"container\" data-e-type=\"container\">\n\t\t\t\t\t<div class=\"e-con-inner\">\n\t\t<div class=\"elementor-element elementor-element-2580c2c e-con-full e-flex e-con e-child\" data-id=\"2580c2c\" data-element_type=\"container\" data-e-type=\"container\">\n\t\t\t\t<div class=\"elementor-element elementor-element-4650128 elementor-widget elementor-widget-text-editor\" data-id=\"4650128\" data-element_type=\"widget\" data-e-type=\"widget\" data-widget_type=\"text-editor.default\">\n\t\t\t\t<div class=\"elementor-widget-container\">\n\t\t\t\t\t\t\t\t\t<p>\u00a0<\/p><p><strong>Kommunens nye r\u00e5dhus i Borup<\/strong><\/p><p>Ved indvielsen af Skovbo Kommunes nye r\u00e5dhus i Borup, efter kommunesammenl\u00e6gningen i 1970, sk\u00e6nkede arkitekten Ole Paarup kommunen et maleri af den fynske kunstner Benny Dor\u00e9. (Billede af maleriet som h\u00e6nger i Kulturhuset.)\u00a0<\/p><p>Et \u00e5rs tid efter foreslog kommunaldirekt\u00f8r Poul Petersen, at Mogens Johansen fra kulturforvaltningen skulle arrangere en udstilling med Benny Dor\u00e9s v\u00e6rker i det nye r\u00e5dhus. Udstillingen blev gennemf\u00f8rt i sommeren 1972, og publikumsinteressen var stor. De f\u00f8lgende \u00e5r blev der arrangeret et par mindre udstillinger i hallen.\u00a0<\/p><p>I 1977 forespurgte Mogens Johansen om kulturudvalget kunne give en mindre bevilling til en separatudstilling. Det ville udvalget ikke, men udvalgsmedlemmerne tilkendegav, at hvis der kom et forslag om en mere folkelig udstilling, s\u00e5 ville de v\u00e6re positive. Umiddelbart billigede Mogens Johansen ikke forslaget, men en m\u00e5neds tid efter besluttede man at afpr\u00f8ve id\u00e9en.<\/p>\t\t\t\t\t\t\t\t<\/div>\n\t\t\t\t<\/div>\n\t\t\t\t<\/div>\n\t\t<div class=\"elementor-element elementor-element-9029c0a e-con-full e-flex e-con e-child\" data-id=\"9029c0a\" data-element_type=\"container\" data-e-type=\"container\">\n\t\t\t\t<div class=\"elementor-element elementor-element-0bbe329 elementor-widget elementor-widget-image\" data-id=\"0bbe329\" data-element_type=\"widget\" data-e-type=\"widget\" data-widget_type=\"image.default\">\n\t\t\t\t<div class=\"elementor-widget-container\">\n\t\t\t\t\t\t\t\t\t\t\t\t\t\t\t<img fetchpriority=\"high\" decoding=\"async\" width=\"800\" height=\"434\" src=\"https:\/\/skovbokunst.dk\/wp-content\/uploads\/2024\/08\/Maleri-af-Benny-Dore-1024x556.jpg\" class=\"attachment-large size-large wp-image-1746\" alt=\"\" srcset=\"https:\/\/skovbokunst.dk\/wp-content\/uploads\/2024\/08\/Maleri-af-Benny-Dore-1024x556.jpg 1024w, https:\/\/skovbokunst.dk\/wp-content\/uploads\/2024\/08\/Maleri-af-Benny-Dore-300x163.jpg 300w, https:\/\/skovbokunst.dk\/wp-content\/uploads\/2024\/08\/Maleri-af-Benny-Dore-768x417.jpg 768w, https:\/\/skovbokunst.dk\/wp-content\/uploads\/2024\/08\/Maleri-af-Benny-Dore-1536x834.jpg 1536w, https:\/\/skovbokunst.dk\/wp-content\/uploads\/2024\/08\/Maleri-af-Benny-Dore-2048x1113.jpg 2048w\" sizes=\"(max-width: 800px) 100vw, 800px\" \/>\t\t\t\t\t\t\t\t\t\t\t\t\t\t\t<\/div>\n\t\t\t\t<\/div>\n\t\t\t\t<div class=\"elementor-element elementor-element-b55ad3b elementor-widget elementor-widget-heading\" data-id=\"b55ad3b\" data-element_type=\"widget\" data-e-type=\"widget\" data-widget_type=\"heading.default\">\n\t\t\t\t<div class=\"elementor-widget-container\">\n\t\t\t\t\t<h2 class=\"elementor-heading-title elementor-size-default\">Maleri af Benny Dor\u00e9 \u2013 Gave til Skovbo Kommune fra arkitekt Ole Paarup ved indvielsen af r\u00e5dhuset<\/h2>\t\t\t\t<\/div>\n\t\t\t\t<\/div>\n\t\t\t\t<\/div>\n\t\t\t\t\t<\/div>\n\t\t\t\t<\/div>\n\t\t<div class=\"elementor-element elementor-element-542c39d e-flex e-con-boxed e-con e-parent\" data-id=\"542c39d\" data-element_type=\"container\" data-e-type=\"container\">\n\t\t\t\t\t<div class=\"e-con-inner\">\n\t\t\t\t<div class=\"elementor-element elementor-element-4bd0a9a elementor-widget elementor-widget-text-editor\" data-id=\"4bd0a9a\" data-element_type=\"widget\" data-e-type=\"widget\" data-widget_type=\"text-editor.default\">\n\t\t\t\t<div class=\"elementor-widget-container\">\n\t\t\t\t\t\t\t\t\t<p><strong>Skovbo Kunstforening stiftes<\/strong>\u00a0<\/p><p>I Midtsj\u00e6llands Avis blev der indrykket en annonce, hvor man s\u00f8gte ud\u00f8vende kunstnere, amat\u00f8rer og professionelle. Der meldte sig 32, og r\u00e5dhushallen blev fyldt med kunst.<\/p><p>Kort tid efter, at udstillingen var slut, henvendte en af udstillerne Ruth Rasmussen, sig til Mogens Johansen og foreslog, at man stiftede en kunstforening. Der blev holdt et m\u00f8de p\u00e5 r\u00e5dhuset, og foreningen blev stiftet med Mogens Tranders som den f\u00f8rste formand. I begyndelsen var den v\u00e6sentligste aktivitet i foreningen den \u00e5rlig folkeudstilling, og den tradition eksisterer stadig. I 2019 afholdt man den 40. folkeudstilling og yderligere blev der \u00e5rligt arrangeret et par udstillinger, oftest med lokale kunstnere.<\/p><p>Skovbo Kunstforenings bestyrelse har v\u00e6ret meget stabil, og i de knap 50 \u00e5r foreningen har eksisteret, har der kun v\u00e6ret seks form\u00e6nd: Mogens Tranders, Tommy Andersen, Niels Omann, Anne Marie Dahl, Henry Rossle og nuv\u00e6rende Lise Ingemand.\u00a0<\/p><p>Foreningen har udviklet sig meget gennem \u00e5rene. Kvaliteten af udstillingerne er markant \u00f8get, og i dag arrangerer Skovbo Kunstforening, udover den traditionelle folkeudstilling, 6 udstillinger med kendte og anerkendte kunstnere<\/p>\t\t\t\t\t\t\t\t<\/div>\n\t\t\t\t<\/div>\n\t\t\t\t\t<\/div>\n\t\t\t\t<\/div>\n\t\t<div class=\"elementor-element elementor-element-5010209 e-flex e-con-boxed e-con e-parent\" data-id=\"5010209\" data-element_type=\"container\" data-e-type=\"container\">\n\t\t\t\t\t<div class=\"e-con-inner\">\n\t\t<div class=\"elementor-element elementor-element-03f9721 e-con-full e-flex e-con e-child\" data-id=\"03f9721\" data-element_type=\"container\" data-e-type=\"container\">\n\t\t\t\t<div class=\"elementor-element elementor-element-7ed8bd4 elementor-widget elementor-widget-image\" data-id=\"7ed8bd4\" data-element_type=\"widget\" data-e-type=\"widget\" data-widget_type=\"image.default\">\n\t\t\t\t<div class=\"elementor-widget-container\">\n\t\t\t\t\t\t\t\t\t\t\t\t\t\t\t<img decoding=\"async\" width=\"340\" height=\"227\" src=\"https:\/\/skovbokunst.dk\/wp-content\/uploads\/2024\/07\/To-modeller.jpg\" class=\"attachment-large size-large wp-image-1480\" alt=\"\" srcset=\"https:\/\/skovbokunst.dk\/wp-content\/uploads\/2024\/07\/To-modeller.jpg 340w, https:\/\/skovbokunst.dk\/wp-content\/uploads\/2024\/07\/To-modeller-300x200.jpg 300w\" sizes=\"(max-width: 340px) 100vw, 340px\" \/>\t\t\t\t\t\t\t\t\t\t\t\t\t\t\t<\/div>\n\t\t\t\t<\/div>\n\t\t\t\t<\/div>\n\t\t<div class=\"elementor-element elementor-element-f20f214 e-con-full e-flex e-con e-child\" data-id=\"f20f214\" data-element_type=\"container\" data-e-type=\"container\">\n\t\t\t\t<div class=\"elementor-element elementor-element-bd3a63c elementor-widget elementor-widget-text-editor\" data-id=\"bd3a63c\" data-element_type=\"widget\" data-e-type=\"widget\" data-widget_type=\"text-editor.default\">\n\t\t\t\t<div class=\"elementor-widget-container\">\n\t\t\t\t\t\t\t\t\t<p><strong>Croquisfestival<\/strong>\u00a0<\/p><p>I 2008 afholdtes den f\u00f8rste croquisfestival i Borup Kulturhus.\u00a0Festivalen, der finder sted over en weekend i marts, samler i dag 50-70 kunstnere fra Danmark samt fra de andre nordiske lande. Det var Klaus Seyffart, et af kunstforeningens medlemmer, der fik id\u00e9en til at lave Danmarks f\u00f8rste croquisfestival. I 2016 h\u00e6drede kunstforeningen ham med \u00e5rets Skovtrold.\u00a0<\/p><p>I 2015 foreslog nogle af foreningens medlemmer yderlige, at arrangere croquistegning, s\u00e5 i dag m\u00f8des op til 15 dedikerede croquistegnere, 6 gange hver anden mandag i for\u00e5ret og 6 gange i efter\u00e5ret, til croquistegning i Borup Kulturhus.<\/p>\t\t\t\t\t\t\t\t<\/div>\n\t\t\t\t<\/div>\n\t\t\t\t<\/div>\n\t\t\t\t\t<\/div>\n\t\t\t\t<\/div>\n\t\t<div class=\"elementor-element elementor-element-46ecbe9 e-flex e-con-boxed e-con e-parent\" data-id=\"46ecbe9\" data-element_type=\"container\" data-e-type=\"container\">\n\t\t\t\t\t<div class=\"e-con-inner\">\n\t\t<div class=\"elementor-element elementor-element-d043345 e-con-full e-flex e-con e-child\" data-id=\"d043345\" data-element_type=\"container\" data-e-type=\"container\">\n\t\t\t\t<div class=\"elementor-element elementor-element-8ebb1e2 elementor-widget elementor-widget-text-editor\" data-id=\"8ebb1e2\" data-element_type=\"widget\" data-e-type=\"widget\" data-widget_type=\"text-editor.default\">\n\t\t\t\t<div class=\"elementor-widget-container\">\n\t\t\t\t\t\t\t\t\t<p><strong>Skulpturpark og kunstvandring<\/strong><\/p><p>\u00a0Siden 2002 har Skovbo Kunstforening arbejdet med opstilling af skulpturer i det offentlige rum.\u00a0<\/p><p>Det begyndte med opstilling af skulpturer i M\u00f8llelundparken, blev siden udvidet til resten af byen, og i dag er der 16 skulpturer af anerkendte kunstnere rundt omkring i Borup.<\/p>\t\t\t\t\t\t\t\t<\/div>\n\t\t\t\t<\/div>\n\t\t\t\t<\/div>\n\t\t<div class=\"elementor-element elementor-element-4087cba e-con-full e-flex e-con e-child\" data-id=\"4087cba\" data-element_type=\"container\" data-e-type=\"container\">\n\t\t\t\t<div class=\"elementor-element elementor-element-08a1597 elementor-widget elementor-widget-image\" data-id=\"08a1597\" data-element_type=\"widget\" data-e-type=\"widget\" data-widget_type=\"image.default\">\n\t\t\t\t<div class=\"elementor-widget-container\">\n\t\t\t\t\t\t\t\t\t\t\t\t\t\t\t<img decoding=\"async\" width=\"188\" height=\"300\" src=\"https:\/\/skovbokunst.dk\/wp-content\/uploads\/2024\/05\/Skulptur_2-removebg-preview-188x300.png\" class=\"attachment-medium size-medium wp-image-610\" alt=\"\" srcset=\"https:\/\/skovbokunst.dk\/wp-content\/uploads\/2024\/05\/Skulptur_2-removebg-preview-188x300.png 188w, https:\/\/skovbokunst.dk\/wp-content\/uploads\/2024\/05\/Skulptur_2-removebg-preview.png 395w\" sizes=\"(max-width: 188px) 100vw, 188px\" \/>\t\t\t\t\t\t\t\t\t\t\t\t\t\t\t<\/div>\n\t\t\t\t<\/div>\n\t\t\t\t<\/div>\n\t\t\t\t\t<\/div>\n\t\t\t\t<\/div>\n\t\t<div class=\"elementor-element elementor-element-a670ec3 e-flex e-con-boxed e-con e-parent\" data-id=\"a670ec3\" data-element_type=\"container\" data-e-type=\"container\">\n\t\t\t\t\t<div class=\"e-con-inner\">\n\t\t\t\t<div class=\"elementor-element elementor-element-9bec644 elementor-widget elementor-widget-text-editor\" data-id=\"9bec644\" data-element_type=\"widget\" data-e-type=\"widget\" data-widget_type=\"text-editor.default\">\n\t\t\t\t<div class=\"elementor-widget-container\">\n\t\t\t\t\t\t\t\t\t<p><strong>F\u00e6llesatelier<\/strong><\/p><p>I 2016 etablerede kunstforeningen et f\u00e6llesatelier i Borup Kulturhus. Her kan 6 til 8 af foreningens medlemmer dagligt, fra 8 om morgenen til sen aften, komme og arbejde med deres kunst.<\/p><p><strong>Samarbejde<\/strong><\/p><p>Skovbo Kunstforening samarbejder med de andre foreninger i Borup Kulturhus samt kunstforeninger i hele landet. Skovbo Kunstforening er medlem af Sammenslutningen af Danske Kunstforeninger, SDK, hvor foreningen er repr\u00e6senteret i bestyrelsen.<\/p>\t\t\t\t\t\t\t\t<\/div>\n\t\t\t\t<\/div>\n\t\t\t\t\t<\/div>\n\t\t\t\t<\/div>\n\t\t\t\t<\/div>\n\t\t","protected":false},"excerpt":{"rendered":"<p>Skovbo Kunstforenings historie kort \u00a0 Kommunens nye r\u00e5dhus i Borup Ved indvielsen af Skovbo Kommunes nye r\u00e5dhus i Borup, efter kommunesammenl\u00e6gningen i 1970, sk\u00e6nkede arkitekten Ole Paarup kommunen et maleri [&hellip;]<\/p>\n","protected":false},"author":1,"featured_media":0,"parent":0,"menu_order":0,"comment_status":"closed","ping_status":"closed","template":"","meta":{"footnotes":"","_links_to":"","_links_to_target":""},"class_list":["post-25","page","type-page","status-publish","hentry"],"yoast_head":"<!-- This site is optimized with the Yoast SEO plugin v27.6 - https:\/\/yoast.com\/product\/yoast-seo-wordpress\/ -->\n<title>Om foreningen - Skovbo Kunstforening<\/title>\n<meta name=\"robots\" content=\"index, follow, max-snippet:-1, max-image-preview:large, max-video-preview:-1\" \/>\n<link rel=\"canonical\" href=\"https:\/\/skovbokunst.dk\/index.php\/om-foreningen\/\" \/>\n<meta property=\"og:locale\" content=\"da_DK\" \/>\n<meta property=\"og:type\" content=\"article\" \/>\n<meta property=\"og:title\" content=\"Om foreningen - Skovbo Kunstforening\" \/>\n<meta property=\"og:description\" content=\"Skovbo Kunstforenings historie kort \u00a0 Kommunens nye r\u00e5dhus i Borup Ved indvielsen af Skovbo Kommunes nye r\u00e5dhus i Borup, efter kommunesammenl\u00e6gningen i 1970, sk\u00e6nkede arkitekten Ole Paarup kommunen et maleri [&hellip;]\" \/>\n<meta property=\"og:url\" content=\"https:\/\/skovbokunst.dk\/index.php\/om-foreningen\/\" \/>\n<meta property=\"og:site_name\" content=\"Skovbo Kunstforening\" \/>\n<meta property=\"article:modified_time\" content=\"2025-01-28T09:48:50+00:00\" \/>\n<meta property=\"og:image\" content=\"https:\/\/skovbokunst.dk\/wp-content\/uploads\/2024\/08\/Maleri-af-Benny-Dore-scaled.jpg\" \/>\n\t<meta property=\"og:image:width\" content=\"2560\" \/>\n\t<meta property=\"og:image:height\" content=\"1391\" \/>\n\t<meta property=\"og:image:type\" content=\"image\/jpeg\" \/>\n<meta name=\"twitter:card\" content=\"summary_large_image\" \/>\n<meta name=\"twitter:label1\" content=\"Estimeret l\u00e6setid\" \/>\n\t<meta name=\"twitter:data1\" content=\"3 minutter\" \/>\n<script type=\"application\/ld+json\" class=\"yoast-schema-graph\">{\"@context\":\"https:\\\/\\\/schema.org\",\"@graph\":[{\"@type\":\"WebPage\",\"@id\":\"https:\\\/\\\/skovbokunst.dk\\\/index.php\\\/om-foreningen\\\/\",\"url\":\"https:\\\/\\\/skovbokunst.dk\\\/index.php\\\/om-foreningen\\\/\",\"name\":\"Om foreningen - Skovbo Kunstforening\",\"isPartOf\":{\"@id\":\"https:\\\/\\\/skovbokunst.dk\\\/#website\"},\"primaryImageOfPage\":{\"@id\":\"https:\\\/\\\/skovbokunst.dk\\\/index.php\\\/om-foreningen\\\/#primaryimage\"},\"image\":{\"@id\":\"https:\\\/\\\/skovbokunst.dk\\\/index.php\\\/om-foreningen\\\/#primaryimage\"},\"thumbnailUrl\":\"https:\\\/\\\/skovbokunst.dk\\\/wp-content\\\/uploads\\\/2024\\\/08\\\/Maleri-af-Benny-Dore-1024x556.jpg\",\"datePublished\":\"2024-04-28T18:09:24+00:00\",\"dateModified\":\"2025-01-28T09:48:50+00:00\",\"breadcrumb\":{\"@id\":\"https:\\\/\\\/skovbokunst.dk\\\/index.php\\\/om-foreningen\\\/#breadcrumb\"},\"inLanguage\":\"da-DK\",\"potentialAction\":[{\"@type\":\"ReadAction\",\"target\":[\"https:\\\/\\\/skovbokunst.dk\\\/index.php\\\/om-foreningen\\\/\"]}]},{\"@type\":\"ImageObject\",\"inLanguage\":\"da-DK\",\"@id\":\"https:\\\/\\\/skovbokunst.dk\\\/index.php\\\/om-foreningen\\\/#primaryimage\",\"url\":\"https:\\\/\\\/skovbokunst.dk\\\/wp-content\\\/uploads\\\/2024\\\/08\\\/Maleri-af-Benny-Dore-scaled.jpg\",\"contentUrl\":\"https:\\\/\\\/skovbokunst.dk\\\/wp-content\\\/uploads\\\/2024\\\/08\\\/Maleri-af-Benny-Dore-scaled.jpg\",\"width\":2560,\"height\":1391},{\"@type\":\"BreadcrumbList\",\"@id\":\"https:\\\/\\\/skovbokunst.dk\\\/index.php\\\/om-foreningen\\\/#breadcrumb\",\"itemListElement\":[{\"@type\":\"ListItem\",\"position\":1,\"name\":\"Hjem\",\"item\":\"https:\\\/\\\/skovbokunst.dk\\\/\"},{\"@type\":\"ListItem\",\"position\":2,\"name\":\"Om foreningen\"}]},{\"@type\":\"WebSite\",\"@id\":\"https:\\\/\\\/skovbokunst.dk\\\/#website\",\"url\":\"https:\\\/\\\/skovbokunst.dk\\\/\",\"name\":\"Skovbokunst\",\"description\":\"Kunst i Skovbo\",\"publisher\":{\"@id\":\"https:\\\/\\\/skovbokunst.dk\\\/#organization\"},\"potentialAction\":[{\"@type\":\"SearchAction\",\"target\":{\"@type\":\"EntryPoint\",\"urlTemplate\":\"https:\\\/\\\/skovbokunst.dk\\\/?s={search_term_string}\"},\"query-input\":{\"@type\":\"PropertyValueSpecification\",\"valueRequired\":true,\"valueName\":\"search_term_string\"}}],\"inLanguage\":\"da-DK\"},{\"@type\":\"Organization\",\"@id\":\"https:\\\/\\\/skovbokunst.dk\\\/#organization\",\"name\":\"Skovbo Kunstforening\",\"url\":\"https:\\\/\\\/skovbokunst.dk\\\/\",\"logo\":{\"@type\":\"ImageObject\",\"inLanguage\":\"da-DK\",\"@id\":\"https:\\\/\\\/skovbokunst.dk\\\/#\\\/schema\\\/logo\\\/image\\\/\",\"url\":\"https:\\\/\\\/skovbokunst.dk\\\/wp-content\\\/uploads\\\/2025\\\/09\\\/LOGO-med-tekst.jpg\",\"contentUrl\":\"https:\\\/\\\/skovbokunst.dk\\\/wp-content\\\/uploads\\\/2025\\\/09\\\/LOGO-med-tekst.jpg\",\"width\":292,\"height\":38,\"caption\":\"Skovbo Kunstforening\"},\"image\":{\"@id\":\"https:\\\/\\\/skovbokunst.dk\\\/#\\\/schema\\\/logo\\\/image\\\/\"}}]}<\/script>\n<!-- \/ Yoast SEO plugin. -->","yoast_head_json":{"title":"Om foreningen - Skovbo Kunstforening","robots":{"index":"index","follow":"follow","max-snippet":"max-snippet:-1","max-image-preview":"max-image-preview:large","max-video-preview":"max-video-preview:-1"},"canonical":"https:\/\/skovbokunst.dk\/index.php\/om-foreningen\/","og_locale":"da_DK","og_type":"article","og_title":"Om foreningen - Skovbo Kunstforening","og_description":"Skovbo Kunstforenings historie kort \u00a0 Kommunens nye r\u00e5dhus i Borup Ved indvielsen af Skovbo Kommunes nye r\u00e5dhus i Borup, efter kommunesammenl\u00e6gningen i 1970, sk\u00e6nkede arkitekten Ole Paarup kommunen et maleri [&hellip;]","og_url":"https:\/\/skovbokunst.dk\/index.php\/om-foreningen\/","og_site_name":"Skovbo Kunstforening","article_modified_time":"2025-01-28T09:48:50+00:00","og_image":[{"width":2560,"height":1391,"url":"https:\/\/skovbokunst.dk\/wp-content\/uploads\/2024\/08\/Maleri-af-Benny-Dore-scaled.jpg","type":"image\/jpeg"}],"twitter_card":"summary_large_image","twitter_misc":{"Estimeret l\u00e6setid":"3 minutter"},"schema":{"@context":"https:\/\/schema.org","@graph":[{"@type":"WebPage","@id":"https:\/\/skovbokunst.dk\/index.php\/om-foreningen\/","url":"https:\/\/skovbokunst.dk\/index.php\/om-foreningen\/","name":"Om foreningen - Skovbo Kunstforening","isPartOf":{"@id":"https:\/\/skovbokunst.dk\/#website"},"primaryImageOfPage":{"@id":"https:\/\/skovbokunst.dk\/index.php\/om-foreningen\/#primaryimage"},"image":{"@id":"https:\/\/skovbokunst.dk\/index.php\/om-foreningen\/#primaryimage"},"thumbnailUrl":"https:\/\/skovbokunst.dk\/wp-content\/uploads\/2024\/08\/Maleri-af-Benny-Dore-1024x556.jpg","datePublished":"2024-04-28T18:09:24+00:00","dateModified":"2025-01-28T09:48:50+00:00","breadcrumb":{"@id":"https:\/\/skovbokunst.dk\/index.php\/om-foreningen\/#breadcrumb"},"inLanguage":"da-DK","potentialAction":[{"@type":"ReadAction","target":["https:\/\/skovbokunst.dk\/index.php\/om-foreningen\/"]}]},{"@type":"ImageObject","inLanguage":"da-DK","@id":"https:\/\/skovbokunst.dk\/index.php\/om-foreningen\/#primaryimage","url":"https:\/\/skovbokunst.dk\/wp-content\/uploads\/2024\/08\/Maleri-af-Benny-Dore-scaled.jpg","contentUrl":"https:\/\/skovbokunst.dk\/wp-content\/uploads\/2024\/08\/Maleri-af-Benny-Dore-scaled.jpg","width":2560,"height":1391},{"@type":"BreadcrumbList","@id":"https:\/\/skovbokunst.dk\/index.php\/om-foreningen\/#breadcrumb","itemListElement":[{"@type":"ListItem","position":1,"name":"Hjem","item":"https:\/\/skovbokunst.dk\/"},{"@type":"ListItem","position":2,"name":"Om foreningen"}]},{"@type":"WebSite","@id":"https:\/\/skovbokunst.dk\/#website","url":"https:\/\/skovbokunst.dk\/","name":"Skovbokunst","description":"Kunst i Skovbo","publisher":{"@id":"https:\/\/skovbokunst.dk\/#organization"},"potentialAction":[{"@type":"SearchAction","target":{"@type":"EntryPoint","urlTemplate":"https:\/\/skovbokunst.dk\/?s={search_term_string}"},"query-input":{"@type":"PropertyValueSpecification","valueRequired":true,"valueName":"search_term_string"}}],"inLanguage":"da-DK"},{"@type":"Organization","@id":"https:\/\/skovbokunst.dk\/#organization","name":"Skovbo Kunstforening","url":"https:\/\/skovbokunst.dk\/","logo":{"@type":"ImageObject","inLanguage":"da-DK","@id":"https:\/\/skovbokunst.dk\/#\/schema\/logo\/image\/","url":"https:\/\/skovbokunst.dk\/wp-content\/uploads\/2025\/09\/LOGO-med-tekst.jpg","contentUrl":"https:\/\/skovbokunst.dk\/wp-content\/uploads\/2025\/09\/LOGO-med-tekst.jpg","width":292,"height":38,"caption":"Skovbo Kunstforening"},"image":{"@id":"https:\/\/skovbokunst.dk\/#\/schema\/logo\/image\/"}}]}},"_links":{"self":[{"href":"https:\/\/skovbokunst.dk\/index.php\/wp-json\/wp\/v2\/pages\/25","targetHints":{"allow":["GET"]}}],"collection":[{"href":"https:\/\/skovbokunst.dk\/index.php\/wp-json\/wp\/v2\/pages"}],"about":[{"href":"https:\/\/skovbokunst.dk\/index.php\/wp-json\/wp\/v2\/types\/page"}],"author":[{"embeddable":true,"href":"https:\/\/skovbokunst.dk\/index.php\/wp-json\/wp\/v2\/users\/1"}],"replies":[{"embeddable":true,"href":"https:\/\/skovbokunst.dk\/index.php\/wp-json\/wp\/v2\/comments?post=25"}],"version-history":[{"count":34,"href":"https:\/\/skovbokunst.dk\/index.php\/wp-json\/wp\/v2\/pages\/25\/revisions"}],"predecessor-version":[{"id":2352,"href":"https:\/\/skovbokunst.dk\/index.php\/wp-json\/wp\/v2\/pages\/25\/revisions\/2352"}],"wp:attachment":[{"href":"https:\/\/skovbokunst.dk\/index.php\/wp-json\/wp\/v2\/media?parent=25"}],"curies":[{"name":"wp","href":"https:\/\/api.w.org\/{rel}","templated":true}]}}