{"id":7,"date":"2024-04-28T18:00:49","date_gmt":"2024-04-28T18:00:49","guid":{"rendered":"http:\/\/142.132.203.237\/~croquisf\/nykunst\/?page_id=7"},"modified":"2026-03-23T22:18:54","modified_gmt":"2026-03-23T21:18:54","slug":"forside","status":"publish","type":"page","link":"https:\/\/skovbokunst.dk\/","title":{"rendered":"Forside"},"content":{"rendered":"\t\t<div data-elementor-type=\"wp-page\" data-elementor-id=\"7\" class=\"elementor elementor-7\">\n\t\t\t\t<div class=\"elementor-element elementor-element-d6db082 e-flex e-con-boxed e-con e-parent\" data-id=\"d6db082\" data-element_type=\"container\" data-e-type=\"container\">\n\t\t\t\t\t<div class=\"e-con-inner\">\n\t\t<div class=\"elementor-element elementor-element-c9a4b6b e-con-full e-flex e-con e-child\" data-id=\"c9a4b6b\" data-element_type=\"container\" data-e-type=\"container\">\n\t\t\t\t<div class=\"elementor-element elementor-element-c2cc90f elementor-widget elementor-widget-image\" data-id=\"c2cc90f\" data-element_type=\"widget\" data-e-type=\"widget\" data-widget_type=\"image.default\">\n\t\t\t\t<div class=\"elementor-widget-container\">\n\t\t\t\t\t\t\t\t\t\t\t\t\t\t\t<img fetchpriority=\"high\" decoding=\"async\" width=\"642\" height=\"1024\" src=\"https:\/\/skovbokunst.dk\/wp-content\/uploads\/2026\/03\/Lina_Maria_Kleivan_1-642x1024.jpg\" class=\"attachment-large size-large wp-image-2878\" alt=\"\" srcset=\"https:\/\/skovbokunst.dk\/wp-content\/uploads\/2026\/03\/Lina_Maria_Kleivan_1-642x1024.jpg 642w, https:\/\/skovbokunst.dk\/wp-content\/uploads\/2026\/03\/Lina_Maria_Kleivan_1-188x300.jpg 188w, https:\/\/skovbokunst.dk\/wp-content\/uploads\/2026\/03\/Lina_Maria_Kleivan_1-768x1225.jpg 768w, https:\/\/skovbokunst.dk\/wp-content\/uploads\/2026\/03\/Lina_Maria_Kleivan_1-963x1536.jpg 963w, https:\/\/skovbokunst.dk\/wp-content\/uploads\/2026\/03\/Lina_Maria_Kleivan_1-1284x2048.jpg 1284w, https:\/\/skovbokunst.dk\/wp-content\/uploads\/2026\/03\/Lina_Maria_Kleivan_1-scaled.jpg 1605w\" sizes=\"(max-width: 642px) 100vw, 642px\" \/>\t\t\t\t\t\t\t\t\t\t\t\t\t\t\t<\/div>\n\t\t\t\t<\/div>\n\t\t\t\t<\/div>\n\t\t<div class=\"elementor-element elementor-element-47d1fab e-con-full e-flex e-con e-child\" data-id=\"47d1fab\" data-element_type=\"container\" data-e-type=\"container\">\n\t\t\t\t<div class=\"elementor-element elementor-element-68c4dbb elementor-widget elementor-widget-heading\" data-id=\"68c4dbb\" data-element_type=\"widget\" data-e-type=\"widget\" data-widget_type=\"heading.default\">\n\t\t\t\t<div class=\"elementor-widget-container\">\n\t\t\t\t\t<h2 class=\"elementor-heading-title elementor-size-default\">\u2019Til l\u00e5ns. Andres erindringer\u2019 <\/h2>\t\t\t\t<\/div>\n\t\t\t\t<\/div>\n\t\t\t\t<div class=\"elementor-element elementor-element-4162a53 elementor-widget elementor-widget-heading\" data-id=\"4162a53\" data-element_type=\"widget\" data-e-type=\"widget\" data-widget_type=\"heading.default\">\n\t\t\t\t<div class=\"elementor-widget-container\">\n\t\t\t\t\t<h2 class=\"elementor-heading-title elementor-size-default\">En spektakul\u00e6r og sanselig udstilling med v\u00e6rker <br> af kunstneren Nina Maria Kleivan<\/h2>\t\t\t\t<\/div>\n\t\t\t\t<\/div>\n\t\t\t\t<div class=\"elementor-element elementor-element-6b04732 elementor-widget elementor-widget-heading\" data-id=\"6b04732\" data-element_type=\"widget\" data-e-type=\"widget\" data-widget_type=\"heading.default\">\n\t\t\t\t<div class=\"elementor-widget-container\">\n\t\t\t\t\t<h2 class=\"elementor-heading-title elementor-size-default\">M\u00f8d Kunstneren ved<\/h2>\t\t\t\t<\/div>\n\t\t\t\t<\/div>\n\t\t\t\t<div class=\"elementor-element elementor-element-3bd1e73 elementor-widget elementor-widget-heading\" data-id=\"3bd1e73\" data-element_type=\"widget\" data-e-type=\"widget\" data-widget_type=\"heading.default\">\n\t\t\t\t<div class=\"elementor-widget-container\">\n\t\t\t\t\t<h2 class=\"elementor-heading-title elementor-size-default\">FERNISERINGEN<\/h2>\t\t\t\t<\/div>\n\t\t\t\t<\/div>\n\t\t\t\t<div class=\"elementor-element elementor-element-dc824e8 elementor-widget elementor-widget-heading\" data-id=\"dc824e8\" data-element_type=\"widget\" data-e-type=\"widget\" data-widget_type=\"heading.default\">\n\t\t\t\t<div class=\"elementor-widget-container\">\n\t\t\t\t\t<h2 class=\"elementor-heading-title elementor-size-default\">s\u00f8ndag 29. marts kl. 14\u201316 i Borup Kulturhus<\/h2>\t\t\t\t<\/div>\n\t\t\t\t<\/div>\n\t\t\t\t<div class=\"elementor-element elementor-element-e13c036 elementor-widget elementor-widget-heading\" data-id=\"e13c036\" data-element_type=\"widget\" data-e-type=\"widget\" data-widget_type=\"heading.default\">\n\t\t\t\t<div class=\"elementor-widget-container\">\n\t\t\t\t\t<h2 class=\"elementor-heading-title elementor-size-default\">Herefter kan udstillingen opleves hver l\u00f8rdag og s\u00f8ndag kl. 14-16 samt efter aftale frem til og med s\u00f8ndag 3. maj \u2013 Fri entr\u00e9<\/h2>\t\t\t\t<\/div>\n\t\t\t\t<\/div>\n\t\t\t\t<div class=\"elementor-element elementor-element-06c9914 elementor-widget elementor-widget-text-editor\" data-id=\"06c9914\" data-element_type=\"widget\" data-e-type=\"widget\" data-widget_type=\"text-editor.default\">\n\t\t\t\t<div class=\"elementor-widget-container\">\n\t\t\t\t\t\t\t\t\t<p style=\"text-align: left;\"><strong>Nina Maria Kleivan (f. 1960)<\/strong> Uddannet fra Det Kongelige Danske Kunstakademi og har desuden studeret kunsthistorie ved K\u00f8benhavns Universitet. Hendes kunst sp\u00e6nder over maleri, fotografi, installation og udsmykninger. Hun har udstillet b\u00e5de i Danmark og internationalt.<\/p>\t\t\t\t\t\t\t\t<\/div>\n\t\t\t\t<\/div>\n\t\t\t\t<div class=\"elementor-element elementor-element-190dc3e elementor-widget elementor-widget-text-editor\" data-id=\"190dc3e\" data-element_type=\"widget\" data-e-type=\"widget\" data-widget_type=\"text-editor.default\">\n\t\t\t\t<div class=\"elementor-widget-container\">\n\t\t\t\t\t\t\t\t\t<p><strong>Med denne udstilling s\u00e6tter Skovbo Kunstforening fokus p\u00e5 kunstens evne til at skabe refleksion \u2013 og m\u00e5ske minde os om det f\u00e6lles menneskelige, p\u00e5 tv\u00e6rs af tid og sted.<\/strong><\/p>\t\t\t\t\t\t\t\t<\/div>\n\t\t\t\t<\/div>\n\t\t\t\t<\/div>\n\t\t\t\t\t<\/div>\n\t\t\t\t<\/div>\n\t\t<div class=\"elementor-element elementor-element-3e7a5ed e-flex e-con-boxed e-con e-parent\" data-id=\"3e7a5ed\" data-element_type=\"container\" data-e-type=\"container\">\n\t\t\t\t\t<div class=\"e-con-inner\">\n\t\t<div class=\"elementor-element elementor-element-3c4d0e4 e-con-full e-flex e-con e-child\" data-id=\"3c4d0e4\" data-element_type=\"container\" data-e-type=\"container\">\n\t\t\t\t<div class=\"elementor-element elementor-element-5957adb elementor-widget elementor-widget-image\" data-id=\"5957adb\" data-element_type=\"widget\" data-e-type=\"widget\" data-widget_type=\"image.default\">\n\t\t\t\t<div class=\"elementor-widget-container\">\n\t\t\t\t\t\t\t\t\t\t\t\t\t\t\t<img decoding=\"async\" width=\"673\" height=\"1024\" src=\"https:\/\/skovbokunst.dk\/wp-content\/uploads\/2026\/03\/Lina_Maria_Kleivan_2-673x1024.jpg\" class=\"attachment-large size-large wp-image-2880\" alt=\"\" srcset=\"https:\/\/skovbokunst.dk\/wp-content\/uploads\/2026\/03\/Lina_Maria_Kleivan_2-673x1024.jpg 673w, https:\/\/skovbokunst.dk\/wp-content\/uploads\/2026\/03\/Lina_Maria_Kleivan_2-197x300.jpg 197w, https:\/\/skovbokunst.dk\/wp-content\/uploads\/2026\/03\/Lina_Maria_Kleivan_2-768x1168.jpg 768w, https:\/\/skovbokunst.dk\/wp-content\/uploads\/2026\/03\/Lina_Maria_Kleivan_2.jpg 947w\" sizes=\"(max-width: 673px) 100vw, 673px\" \/>\t\t\t\t\t\t\t\t\t\t\t\t\t\t\t<\/div>\n\t\t\t\t<\/div>\n\t\t\t\t<\/div>\n\t\t<div class=\"elementor-element elementor-element-3944328 e-con-full e-flex e-con e-child\" data-id=\"3944328\" data-element_type=\"container\" data-e-type=\"container\">\n\t\t\t\t<div class=\"elementor-element elementor-element-dd351ff elementor-widget elementor-widget-heading\" data-id=\"dd351ff\" data-element_type=\"widget\" data-e-type=\"widget\" data-widget_type=\"heading.default\">\n\t\t\t\t<div class=\"elementor-widget-container\">\n\t\t\t\t\t<h2 class=\"elementor-heading-title elementor-size-default\">Kunstnerens metode\n<\/h2>\t\t\t\t<\/div>\n\t\t\t\t<\/div>\n\t\t\t\t<div class=\"elementor-element elementor-element-b6294fb elementor-widget elementor-widget-heading\" data-id=\"b6294fb\" data-element_type=\"widget\" data-e-type=\"widget\" data-widget_type=\"heading.default\">\n\t\t\t\t<div class=\"elementor-widget-container\">\n\t\t\t\t\t<h2 class=\"elementor-heading-title elementor-size-default\">Udstillingen pr\u00e6senterer en kunstnerisk praksis, der b\u00e5de er personlig og fort\u00e6llende. Nina Kleivan arbejder med at udfordre vores vante opfattelser af virkeligheden ved at lade forskellige sammenh\u00e6nge og betydninger eksistere side om side. I hendes v\u00e6rker bev\u00e6ger beskueren sig fra intime detaljer til overordnede perspektiver, hvor tid og rum forskydes og smelter sammen.<\/h2>\t\t\t\t<\/div>\n\t\t\t\t<\/div>\n\t\t\t\t<div class=\"elementor-element elementor-element-324451d elementor-widget elementor-widget-heading\" data-id=\"324451d\" data-element_type=\"widget\" data-e-type=\"widget\" data-widget_type=\"heading.default\">\n\t\t\t\t<div class=\"elementor-widget-container\">\n\t\t\t\t\t<h2 class=\"elementor-heading-title elementor-size-default\">Oliemalerierne<\/h2>\t\t\t\t<\/div>\n\t\t\t\t<\/div>\n\t\t\t\t<div class=\"elementor-element elementor-element-f75c97f elementor-widget elementor-widget-heading\" data-id=\"f75c97f\" data-element_type=\"widget\" data-e-type=\"widget\" data-widget_type=\"heading.default\">\n\t\t\t\t<div class=\"elementor-widget-container\">\n\t\t\t\t\t<h2 class=\"elementor-heading-title elementor-size-default\">Et centralt element i udstillingen er hendes storformat-oliemalerier, der tager udgangspunkt i gamle fotografier. Her arbejder hun med det, hun selv beskriver som en \u201carkivbaseret erindring\u201d, hvor billedernes oprindelige historier er ukendte, men alligevel rummer genkendelige, menneskelige fort\u00e6llinger. Fotografierne stammer blandt andet fra russiske familiealbum samt private samlinger, men i hendes bearbejdning f\u00e5r de nyt liv og en ny betydning.\n\nVed at overf\u00f8re fotografierne til maleri indlejrer Nina Kleivan tid i v\u00e6rkerne og skaber en langsommelighed, der st\u00e5r i kontrast til nutidens hurtige billedstr\u00f8mme p\u00e5 sociale medier. Samtidig tilf\u00f8jer hun kryptiske og forstyrrende elementer, der udfordrer beskueren og opfordrer til fordybelse.\n<\/h2>\t\t\t\t<\/div>\n\t\t\t\t<\/div>\n\t\t\t\t<\/div>\n\t\t<div class=\"elementor-element elementor-element-2dabd05 e-con-full e-flex e-con e-child\" data-id=\"2dabd05\" data-element_type=\"container\" data-e-type=\"container\">\n\t\t\t\t<div class=\"elementor-element elementor-element-952d341 elementor-widget elementor-widget-image\" data-id=\"952d341\" data-element_type=\"widget\" data-e-type=\"widget\" data-widget_type=\"image.default\">\n\t\t\t\t<div class=\"elementor-widget-container\">\n\t\t\t\t\t\t\t\t\t\t\t\t\t\t\t<img decoding=\"async\" width=\"631\" height=\"1024\" src=\"https:\/\/skovbokunst.dk\/wp-content\/uploads\/2026\/03\/Lina_Maria_Kleivan_3-631x1024.jpg\" class=\"attachment-large size-large wp-image-2879\" alt=\"\" srcset=\"https:\/\/skovbokunst.dk\/wp-content\/uploads\/2026\/03\/Lina_Maria_Kleivan_3-631x1024.jpg 631w, https:\/\/skovbokunst.dk\/wp-content\/uploads\/2026\/03\/Lina_Maria_Kleivan_3-185x300.jpg 185w, https:\/\/skovbokunst.dk\/wp-content\/uploads\/2026\/03\/Lina_Maria_Kleivan_3-768x1247.jpg 768w, https:\/\/skovbokunst.dk\/wp-content\/uploads\/2026\/03\/Lina_Maria_Kleivan_3.jpg 880w\" sizes=\"(max-width: 631px) 100vw, 631px\" \/>\t\t\t\t\t\t\t\t\t\t\t\t\t\t\t<\/div>\n\t\t\t\t<\/div>\n\t\t\t\t<\/div>\n\t\t\t\t\t<\/div>\n\t\t\t\t<\/div>\n\t\t<div class=\"elementor-element elementor-element-eb4d75d e-flex e-con-boxed e-con e-parent\" data-id=\"eb4d75d\" data-element_type=\"container\" data-e-type=\"container\">\n\t\t\t\t\t<div class=\"e-con-inner\">\n\t\t\t\t\t<\/div>\n\t\t\t\t<\/div>\n\t\t<div class=\"elementor-element elementor-element-94026ae e-flex e-con-boxed e-con e-parent\" data-id=\"94026ae\" data-element_type=\"container\" data-e-type=\"container\">\n\t\t\t\t\t<div class=\"e-con-inner\">\n\t\t\t\t<div class=\"elementor-element elementor-element-48dfef2 elementor-widget-divider--view-line elementor-widget elementor-widget-divider\" data-id=\"48dfef2\" data-element_type=\"widget\" data-e-type=\"widget\" data-widget_type=\"divider.default\">\n\t\t\t\t<div class=\"elementor-widget-container\">\n\t\t\t\t\t\t\t<div class=\"elementor-divider\">\n\t\t\t<span class=\"elementor-divider-separator\">\n\t\t\t\t\t\t<\/span>\n\t\t<\/div>\n\t\t\t\t\t\t<\/div>\n\t\t\t\t<\/div>\n\t\t\t\t\t<\/div>\n\t\t\t\t<\/div>\n\t\t<div class=\"elementor-element elementor-element-bc965f9 e-flex e-con-boxed e-con e-parent\" data-id=\"bc965f9\" data-element_type=\"container\" data-e-type=\"container\">\n\t\t\t\t\t<div class=\"e-con-inner\">\n\t\t\t\t<div class=\"elementor-element elementor-element-05979b3 elementor-widget elementor-widget-button\" data-id=\"05979b3\" data-element_type=\"widget\" data-e-type=\"widget\" data-widget_type=\"button.default\">\n\t\t\t\t<div class=\"elementor-widget-container\">\n\t\t\t\t\t\t\t\t\t<div class=\"elementor-button-wrapper\">\n\t\t\t\t\t<a class=\"elementor-button elementor-button-link elementor-size-sm\" href=\"https:\/\/skovbokunst.dk\/index.php\/kommende-aktiviteter\/\">\n\t\t\t\t\t\t<span class=\"elementor-button-content-wrapper\">\n\t\t\t\t\t\t\t\t\t<span class=\"elementor-button-text\">Kommende aktiviteter<\/span>\n\t\t\t\t\t<\/span>\n\t\t\t\t\t<\/a>\n\t\t\t\t<\/div>\n\t\t\t\t\t\t\t\t<\/div>\n\t\t\t\t<\/div>\n\t\t\t\t\t<\/div>\n\t\t\t\t<\/div>\n\t\t\t\t<\/div>\n\t\t","protected":false},"excerpt":{"rendered":"<p>\u2019Til l\u00e5ns. Andres erindringer\u2019 En spektakul\u00e6r og sanselig udstilling med v\u00e6rker af kunstneren Nina Maria Kleivan M\u00f8d Kunstneren ved FERNISERINGEN s\u00f8ndag 29. marts kl. 14\u201316 i Borup Kulturhus Herefter kan [&hellip;]<\/p>\n","protected":false},"author":1,"featured_media":0,"parent":0,"menu_order":0,"comment_status":"closed","ping_status":"closed","template":"","meta":{"footnotes":"","_links_to":"","_links_to_target":""},"class_list":["post-7","page","type-page","status-publish","hentry"],"yoast_head":"<!-- This site is optimized with the Yoast SEO plugin v27.3 - https:\/\/yoast.com\/product\/yoast-seo-wordpress\/ -->\n<title>Forside - Skovbo Kunstforening<\/title>\n<meta name=\"robots\" content=\"index, follow, max-snippet:-1, max-image-preview:large, max-video-preview:-1\" \/>\n<link rel=\"canonical\" href=\"https:\/\/skovbokunst.dk\/\" \/>\n<meta property=\"og:locale\" content=\"da_DK\" \/>\n<meta property=\"og:type\" content=\"article\" \/>\n<meta property=\"og:title\" content=\"Forside - Skovbo Kunstforening\" \/>\n<meta property=\"og:description\" content=\"\u2019Til l\u00e5ns. Andres erindringer\u2019 En spektakul\u00e6r og sanselig udstilling med v\u00e6rker af kunstneren Nina Maria Kleivan M\u00f8d Kunstneren ved FERNISERINGEN s\u00f8ndag 29. marts kl. 14\u201316 i Borup Kulturhus Herefter kan [&hellip;]\" \/>\n<meta property=\"og:url\" content=\"https:\/\/skovbokunst.dk\/\" \/>\n<meta property=\"og:site_name\" content=\"Skovbo Kunstforening\" \/>\n<meta property=\"article:modified_time\" content=\"2026-03-23T21:18:54+00:00\" \/>\n<meta property=\"og:image\" content=\"https:\/\/skovbokunst.dk\/wp-content\/uploads\/2026\/03\/Lina_Maria_Kleivan_1-scaled.jpg\" \/>\n\t<meta property=\"og:image:width\" content=\"1605\" \/>\n\t<meta property=\"og:image:height\" content=\"2560\" \/>\n\t<meta property=\"og:image:type\" content=\"image\/jpeg\" \/>\n<meta name=\"twitter:card\" content=\"summary_large_image\" \/>\n<meta name=\"twitter:label1\" content=\"Estimeret l\u00e6setid\" \/>\n\t<meta name=\"twitter:data1\" content=\"3 minutter\" \/>\n<script type=\"application\/ld+json\" class=\"yoast-schema-graph\">{\"@context\":\"https:\\\/\\\/schema.org\",\"@graph\":[{\"@type\":\"WebPage\",\"@id\":\"https:\\\/\\\/skovbokunst.dk\\\/\",\"url\":\"https:\\\/\\\/skovbokunst.dk\\\/\",\"name\":\"Forside - Skovbo Kunstforening\",\"isPartOf\":{\"@id\":\"https:\\\/\\\/skovbokunst.dk\\\/#website\"},\"primaryImageOfPage\":{\"@id\":\"https:\\\/\\\/skovbokunst.dk\\\/#primaryimage\"},\"image\":{\"@id\":\"https:\\\/\\\/skovbokunst.dk\\\/#primaryimage\"},\"thumbnailUrl\":\"https:\\\/\\\/skovbokunst.dk\\\/wp-content\\\/uploads\\\/2026\\\/03\\\/Lina_Maria_Kleivan_1-642x1024.jpg\",\"datePublished\":\"2024-04-28T18:00:49+00:00\",\"dateModified\":\"2026-03-23T21:18:54+00:00\",\"breadcrumb\":{\"@id\":\"https:\\\/\\\/skovbokunst.dk\\\/#breadcrumb\"},\"inLanguage\":\"da-DK\",\"potentialAction\":[{\"@type\":\"ReadAction\",\"target\":[\"https:\\\/\\\/skovbokunst.dk\\\/\"]}]},{\"@type\":\"ImageObject\",\"inLanguage\":\"da-DK\",\"@id\":\"https:\\\/\\\/skovbokunst.dk\\\/#primaryimage\",\"url\":\"https:\\\/\\\/skovbokunst.dk\\\/wp-content\\\/uploads\\\/2026\\\/03\\\/Lina_Maria_Kleivan_1-scaled.jpg\",\"contentUrl\":\"https:\\\/\\\/skovbokunst.dk\\\/wp-content\\\/uploads\\\/2026\\\/03\\\/Lina_Maria_Kleivan_1-scaled.jpg\",\"width\":1605,\"height\":2560},{\"@type\":\"BreadcrumbList\",\"@id\":\"https:\\\/\\\/skovbokunst.dk\\\/#breadcrumb\",\"itemListElement\":[{\"@type\":\"ListItem\",\"position\":1,\"name\":\"Hjem\",\"item\":\"https:\\\/\\\/skovbokunst.dk\\\/\"},{\"@type\":\"ListItem\",\"position\":2,\"name\":\"Forside\"}]},{\"@type\":\"WebSite\",\"@id\":\"https:\\\/\\\/skovbokunst.dk\\\/#website\",\"url\":\"https:\\\/\\\/skovbokunst.dk\\\/\",\"name\":\"Skovbokunst\",\"description\":\"Kunst i Skovbo\",\"publisher\":{\"@id\":\"https:\\\/\\\/skovbokunst.dk\\\/#organization\"},\"potentialAction\":[{\"@type\":\"SearchAction\",\"target\":{\"@type\":\"EntryPoint\",\"urlTemplate\":\"https:\\\/\\\/skovbokunst.dk\\\/?s={search_term_string}\"},\"query-input\":{\"@type\":\"PropertyValueSpecification\",\"valueRequired\":true,\"valueName\":\"search_term_string\"}}],\"inLanguage\":\"da-DK\"},{\"@type\":\"Organization\",\"@id\":\"https:\\\/\\\/skovbokunst.dk\\\/#organization\",\"name\":\"Skovbo Kunstforening\",\"url\":\"https:\\\/\\\/skovbokunst.dk\\\/\",\"logo\":{\"@type\":\"ImageObject\",\"inLanguage\":\"da-DK\",\"@id\":\"https:\\\/\\\/skovbokunst.dk\\\/#\\\/schema\\\/logo\\\/image\\\/\",\"url\":\"https:\\\/\\\/skovbokunst.dk\\\/wp-content\\\/uploads\\\/2025\\\/09\\\/LOGO-med-tekst.jpg\",\"contentUrl\":\"https:\\\/\\\/skovbokunst.dk\\\/wp-content\\\/uploads\\\/2025\\\/09\\\/LOGO-med-tekst.jpg\",\"width\":292,\"height\":38,\"caption\":\"Skovbo Kunstforening\"},\"image\":{\"@id\":\"https:\\\/\\\/skovbokunst.dk\\\/#\\\/schema\\\/logo\\\/image\\\/\"}}]}<\/script>\n<!-- \/ Yoast SEO plugin. -->","yoast_head_json":{"title":"Forside - Skovbo Kunstforening","robots":{"index":"index","follow":"follow","max-snippet":"max-snippet:-1","max-image-preview":"max-image-preview:large","max-video-preview":"max-video-preview:-1"},"canonical":"https:\/\/skovbokunst.dk\/","og_locale":"da_DK","og_type":"article","og_title":"Forside - Skovbo Kunstforening","og_description":"\u2019Til l\u00e5ns. Andres erindringer\u2019 En spektakul\u00e6r og sanselig udstilling med v\u00e6rker af kunstneren Nina Maria Kleivan M\u00f8d Kunstneren ved FERNISERINGEN s\u00f8ndag 29. marts kl. 14\u201316 i Borup Kulturhus Herefter kan [&hellip;]","og_url":"https:\/\/skovbokunst.dk\/","og_site_name":"Skovbo Kunstforening","article_modified_time":"2026-03-23T21:18:54+00:00","og_image":[{"width":1605,"height":2560,"url":"https:\/\/skovbokunst.dk\/wp-content\/uploads\/2026\/03\/Lina_Maria_Kleivan_1-scaled.jpg","type":"image\/jpeg"}],"twitter_card":"summary_large_image","twitter_misc":{"Estimeret l\u00e6setid":"3 minutter"},"schema":{"@context":"https:\/\/schema.org","@graph":[{"@type":"WebPage","@id":"https:\/\/skovbokunst.dk\/","url":"https:\/\/skovbokunst.dk\/","name":"Forside - Skovbo Kunstforening","isPartOf":{"@id":"https:\/\/skovbokunst.dk\/#website"},"primaryImageOfPage":{"@id":"https:\/\/skovbokunst.dk\/#primaryimage"},"image":{"@id":"https:\/\/skovbokunst.dk\/#primaryimage"},"thumbnailUrl":"https:\/\/skovbokunst.dk\/wp-content\/uploads\/2026\/03\/Lina_Maria_Kleivan_1-642x1024.jpg","datePublished":"2024-04-28T18:00:49+00:00","dateModified":"2026-03-23T21:18:54+00:00","breadcrumb":{"@id":"https:\/\/skovbokunst.dk\/#breadcrumb"},"inLanguage":"da-DK","potentialAction":[{"@type":"ReadAction","target":["https:\/\/skovbokunst.dk\/"]}]},{"@type":"ImageObject","inLanguage":"da-DK","@id":"https:\/\/skovbokunst.dk\/#primaryimage","url":"https:\/\/skovbokunst.dk\/wp-content\/uploads\/2026\/03\/Lina_Maria_Kleivan_1-scaled.jpg","contentUrl":"https:\/\/skovbokunst.dk\/wp-content\/uploads\/2026\/03\/Lina_Maria_Kleivan_1-scaled.jpg","width":1605,"height":2560},{"@type":"BreadcrumbList","@id":"https:\/\/skovbokunst.dk\/#breadcrumb","itemListElement":[{"@type":"ListItem","position":1,"name":"Hjem","item":"https:\/\/skovbokunst.dk\/"},{"@type":"ListItem","position":2,"name":"Forside"}]},{"@type":"WebSite","@id":"https:\/\/skovbokunst.dk\/#website","url":"https:\/\/skovbokunst.dk\/","name":"Skovbokunst","description":"Kunst i Skovbo","publisher":{"@id":"https:\/\/skovbokunst.dk\/#organization"},"potentialAction":[{"@type":"SearchAction","target":{"@type":"EntryPoint","urlTemplate":"https:\/\/skovbokunst.dk\/?s={search_term_string}"},"query-input":{"@type":"PropertyValueSpecification","valueRequired":true,"valueName":"search_term_string"}}],"inLanguage":"da-DK"},{"@type":"Organization","@id":"https:\/\/skovbokunst.dk\/#organization","name":"Skovbo Kunstforening","url":"https:\/\/skovbokunst.dk\/","logo":{"@type":"ImageObject","inLanguage":"da-DK","@id":"https:\/\/skovbokunst.dk\/#\/schema\/logo\/image\/","url":"https:\/\/skovbokunst.dk\/wp-content\/uploads\/2025\/09\/LOGO-med-tekst.jpg","contentUrl":"https:\/\/skovbokunst.dk\/wp-content\/uploads\/2025\/09\/LOGO-med-tekst.jpg","width":292,"height":38,"caption":"Skovbo Kunstforening"},"image":{"@id":"https:\/\/skovbokunst.dk\/#\/schema\/logo\/image\/"}}]}},"_links":{"self":[{"href":"https:\/\/skovbokunst.dk\/index.php\/wp-json\/wp\/v2\/pages\/7","targetHints":{"allow":["GET"]}}],"collection":[{"href":"https:\/\/skovbokunst.dk\/index.php\/wp-json\/wp\/v2\/pages"}],"about":[{"href":"https:\/\/skovbokunst.dk\/index.php\/wp-json\/wp\/v2\/types\/page"}],"author":[{"embeddable":true,"href":"https:\/\/skovbokunst.dk\/index.php\/wp-json\/wp\/v2\/users\/1"}],"replies":[{"embeddable":true,"href":"https:\/\/skovbokunst.dk\/index.php\/wp-json\/wp\/v2\/comments?post=7"}],"version-history":[{"count":781,"href":"https:\/\/skovbokunst.dk\/index.php\/wp-json\/wp\/v2\/pages\/7\/revisions"}],"predecessor-version":[{"id":2898,"href":"https:\/\/skovbokunst.dk\/index.php\/wp-json\/wp\/v2\/pages\/7\/revisions\/2898"}],"wp:attachment":[{"href":"https:\/\/skovbokunst.dk\/index.php\/wp-json\/wp\/v2\/media?parent=7"}],"curies":[{"name":"wp","href":"https:\/\/api.w.org\/{rel}","templated":true}]}}