{"id":9,"date":"2024-04-28T18:01:39","date_gmt":"2024-04-28T18:01:39","guid":{"rendered":"http:\/\/142.132.203.237\/~croquisf\/nykunst\/?page_id=9"},"modified":"2025-10-03T13:48:52","modified_gmt":"2025-10-03T11:48:52","slug":"folkeudstillingen","status":"publish","type":"page","link":"https:\/\/skovbokunst.dk\/index.php\/folkeudstillingen\/","title":{"rendered":"Folkeudstilling"},"content":{"rendered":"\t\t<div data-elementor-type=\"wp-page\" data-elementor-id=\"9\" class=\"elementor elementor-9\">\n\t\t\t\t<div class=\"elementor-element elementor-element-218279b e-flex e-con-boxed e-con e-parent\" data-id=\"218279b\" data-element_type=\"container\" data-e-type=\"container\">\n\t\t\t\t\t<div class=\"e-con-inner\">\n\t\t<div class=\"elementor-element elementor-element-3a27cd7 e-con-full e-flex e-con e-child\" data-id=\"3a27cd7\" data-element_type=\"container\" data-e-type=\"container\">\n\t\t\t\t<div class=\"elementor-element elementor-element-1cfea42 elementor-widget elementor-widget-heading\" data-id=\"1cfea42\" data-element_type=\"widget\" data-e-type=\"widget\" data-widget_type=\"heading.default\">\n\t\t\t\t<div class=\"elementor-widget-container\">\n\t\t\t\t\t<h2 class=\"elementor-heading-title elementor-size-default\">Folkeudstillingen 2025<\/h2>\t\t\t\t<\/div>\n\t\t\t\t<\/div>\n\t\t\t\t<div class=\"elementor-element elementor-element-b452edd elementor-align-center elementor-widget elementor-widget-button\" data-id=\"b452edd\" data-element_type=\"widget\" data-e-type=\"widget\" data-widget_type=\"button.default\">\n\t\t\t\t<div class=\"elementor-widget-container\">\n\t\t\t\t\t\t\t\t\t<div class=\"elementor-button-wrapper\">\n\t\t\t\t\t<a class=\"elementor-button elementor-button-link elementor-size-sm\" href=\"https:\/\/www.croquisfestival.dk\/tilmelding-til-folkeudstillingen\/\">\n\t\t\t\t\t\t<span class=\"elementor-button-content-wrapper\">\n\t\t\t\t\t\t\t\t\t<span class=\"elementor-button-text\">Tilmeld dig her<\/span>\n\t\t\t\t\t<\/span>\n\t\t\t\t\t<\/a>\n\t\t\t\t<\/div>\n\t\t\t\t\t\t\t\t<\/div>\n\t\t\t\t<\/div>\n\t\t\t\t<div class=\"elementor-element elementor-element-90dd819 elementor-widget elementor-widget-text-editor\" data-id=\"90dd819\" data-element_type=\"widget\" data-e-type=\"widget\" data-widget_type=\"text-editor.default\">\n\t\t\t\t<div class=\"elementor-widget-container\">\n\t\t\t\t\t\t\t\t\t<p>Hvert \u00e5r i november afholder Skovbo Kunstforening en \u00e5ben ucensureret folkeudstilling i Borup Kulturhus.<\/p><p>Her kan alle udstille deres v\u00e6rker. P\u00e5 folkeudstillingen er der plads til 30 udstillere, og her vises kunst af bl.a. glas, keramik, maleri, tegning, foto, skulptur m.m<\/p><p>Form\u00e5let med folkeudstillingen er at give mulighed for at eksponere den kunst, som man besk\u00e6ftiger sig med i hverdagen og chancen for at vise sine v\u00e6rker frem samt muligheden for at lade sig inspirere af hinanden.<\/p><p><strong>Yderligere oplysninger<\/strong><br \/>Mail: astrid@tyroll.dk<br \/>Mobil:\u00a0<span style=\"letter-spacing: normal;\">2537 2323<\/span><\/p>\t\t\t\t\t\t\t\t<\/div>\n\t\t\t\t<\/div>\n\t\t\t\t<\/div>\n\t\t<div class=\"elementor-element elementor-element-c9be1a9 e-flex e-con-boxed e-con e-child\" data-id=\"c9be1a9\" data-element_type=\"container\" data-e-type=\"container\">\n\t\t\t\t\t<div class=\"e-con-inner\">\n\t\t\t\t<div class=\"elementor-element elementor-element-e4d2785 elementor-widget elementor-widget-image\" data-id=\"e4d2785\" data-element_type=\"widget\" data-e-type=\"widget\" data-widget_type=\"image.default\">\n\t\t\t\t<div class=\"elementor-widget-container\">\n\t\t\t\t\t\t\t\t\t\t\t\t\t\t\t<img fetchpriority=\"high\" decoding=\"async\" width=\"716\" height=\"556\" src=\"https:\/\/skovbokunst.dk\/wp-content\/uploads\/2024\/05\/Plakat-2023.jpg\" class=\"attachment-large size-large wp-image-793\" alt=\"\" srcset=\"https:\/\/skovbokunst.dk\/wp-content\/uploads\/2024\/05\/Plakat-2023.jpg 716w, https:\/\/skovbokunst.dk\/wp-content\/uploads\/2024\/05\/Plakat-2023-300x233.jpg 300w\" sizes=\"(max-width: 716px) 100vw, 716px\" \/>\t\t\t\t\t\t\t\t\t\t\t\t\t\t\t<\/div>\n\t\t\t\t<\/div>\n\t\t\t\t\t<\/div>\n\t\t\t\t<\/div>\n\t\t<div class=\"elementor-element elementor-element-301893d e-flex e-con-boxed e-con e-child\" data-id=\"301893d\" data-element_type=\"container\" data-e-type=\"container\">\n\t\t\t\t\t<div class=\"e-con-inner\">\n\t\t\t\t<div class=\"elementor-element elementor-element-b5fa326 elementor-widget elementor-widget-heading\" data-id=\"b5fa326\" data-element_type=\"widget\" data-e-type=\"widget\" data-widget_type=\"heading.default\">\n\t\t\t\t<div class=\"elementor-widget-container\">\n\t\t\t\t\t<h2 class=\"elementor-heading-title elementor-size-default\">Retningslinier for v\u00e6rker<\/h2>\t\t\t\t<\/div>\n\t\t\t\t<\/div>\n\t\t\t\t<div class=\"elementor-element elementor-element-4fa7d07 elementor-widget elementor-widget-text-editor\" data-id=\"4fa7d07\" data-element_type=\"widget\" data-e-type=\"widget\" data-widget_type=\"text-editor.default\">\n\t\t\t\t<div class=\"elementor-widget-container\">\n\t\t\t\t\t\t\t\t\t<ul>\n<li>Alle billeder skal v\u00e6re forsvarligt indrammet og med \u00f8skner for oph\u00e6ngning p\u00e5 bagsiden t\u00e6t p\u00e5 oversiden.<\/li>\n<li>Glasindrammede v\u00e6rker modtages kun i forsvarlige rammer.<\/li>\n<li>V\u00e6rker til oph\u00e6ngning p\u00e5 v\u00e6g m\u00e5 maksimum veje 10 kg, m\u00e5 v\u00e6re 2 meter h\u00f8je og 2,4 meter i samlet bredde.<\/li>\n<li>Alle v\u00e6rker skal v\u00e6re m\u00e6rket med kunstnerens navn og eventuel titel.<\/li>\n<li>Der kan afleveres op til tre st\u00f8rre skulpturer.<\/li>\n<li>Skulpturer m\u00e5 ikke veje over 25 kg. Der m\u00e5 gerne medbringes egne podier.<\/li>\n<li>Ved sm\u00e5 skulpturer: Keramik, stent\u00f8j, glas m.m. aftales m\u00e6ngden s\u00e6rskilt med udstillingsledelsen.<\/li>\n<\/ul>\t\t\t\t\t\t\t\t<\/div>\n\t\t\t\t<\/div>\n\t\t\t\t<div class=\"elementor-element elementor-element-8435e81 elementor-widget elementor-widget-heading\" data-id=\"8435e81\" data-element_type=\"widget\" data-e-type=\"widget\" data-widget_type=\"heading.default\">\n\t\t\t\t<div class=\"elementor-widget-container\">\n\t\t\t\t\t<h2 class=\"elementor-heading-title elementor-size-default\">Deltagergebyr:<\/h2>\t\t\t\t<\/div>\n\t\t\t\t<\/div>\n\t\t\t\t<div class=\"elementor-element elementor-element-0786cf3 elementor-widget elementor-widget-text-editor\" data-id=\"0786cf3\" data-element_type=\"widget\" data-e-type=\"widget\" data-widget_type=\"text-editor.default\">\n\t\t\t\t<div class=\"elementor-widget-container\">\n\t\t\t\t\t\t\t\t\t<ul><li>For medlemmer kr. 100<\/li><li>For ikke medlemmer kr. 300<\/li><\/ul>\t\t\t\t\t\t\t\t<\/div>\n\t\t\t\t<\/div>\n\t\t\t\t<div class=\"elementor-element elementor-element-59e1446 elementor-align-center elementor-widget elementor-widget-button\" data-id=\"59e1446\" data-element_type=\"widget\" data-e-type=\"widget\" data-widget_type=\"button.default\">\n\t\t\t\t<div class=\"elementor-widget-container\">\n\t\t\t\t\t\t\t\t\t<div class=\"elementor-button-wrapper\">\n\t\t\t\t\t<a class=\"elementor-button elementor-button-link elementor-size-sm\" href=\"https:\/\/www.croquisfestival.dk\/medlemskab\/\">\n\t\t\t\t\t\t<span class=\"elementor-button-content-wrapper\">\n\t\t\t\t\t\t\t\t\t<span class=\"elementor-button-text\">Bliv medlem<\/span>\n\t\t\t\t\t<\/span>\n\t\t\t\t\t<\/a>\n\t\t\t\t<\/div>\n\t\t\t\t\t\t\t\t<\/div>\n\t\t\t\t<\/div>\n\t\t\t\t\t<\/div>\n\t\t\t\t<\/div>\n\t\t\t\t\t<\/div>\n\t\t\t\t<\/div>\n\t\t\t\t<\/div>\n\t\t","protected":false},"excerpt":{"rendered":"<p>Folkeudstillingen 2025 Tilmeld dig her Hvert \u00e5r i november afholder Skovbo Kunstforening en \u00e5ben ucensureret folkeudstilling i Borup Kulturhus. Her kan alle udstille deres v\u00e6rker. P\u00e5 folkeudstillingen er der plads [&hellip;]<\/p>\n","protected":false},"author":1,"featured_media":0,"parent":0,"menu_order":0,"comment_status":"closed","ping_status":"closed","template":"","meta":{"footnotes":"","_links_to":"","_links_to_target":""},"class_list":["post-9","page","type-page","status-publish","hentry"],"yoast_head":"<!-- This site is optimized with the Yoast SEO plugin v27.6 - https:\/\/yoast.com\/product\/yoast-seo-wordpress\/ -->\n<title>Folkeudstilling - Skovbo Kunstforening<\/title>\n<meta name=\"robots\" content=\"index, follow, max-snippet:-1, max-image-preview:large, max-video-preview:-1\" \/>\n<link rel=\"canonical\" href=\"https:\/\/skovbokunst.dk\/index.php\/folkeudstillingen\/\" \/>\n<meta property=\"og:locale\" content=\"da_DK\" \/>\n<meta property=\"og:type\" content=\"article\" \/>\n<meta property=\"og:title\" content=\"Folkeudstilling - Skovbo Kunstforening\" \/>\n<meta property=\"og:description\" content=\"Folkeudstillingen 2025 Tilmeld dig her Hvert \u00e5r i november afholder Skovbo Kunstforening en \u00e5ben ucensureret folkeudstilling i Borup Kulturhus. Her kan alle udstille deres v\u00e6rker. P\u00e5 folkeudstillingen er der plads [&hellip;]\" \/>\n<meta property=\"og:url\" content=\"https:\/\/skovbokunst.dk\/index.php\/folkeudstillingen\/\" \/>\n<meta property=\"og:site_name\" content=\"Skovbo Kunstforening\" \/>\n<meta property=\"article:modified_time\" content=\"2025-10-03T11:48:52+00:00\" \/>\n<meta property=\"og:image\" content=\"https:\/\/skovbokunst.dk\/wp-content\/uploads\/2024\/05\/Plakat-2023.jpg\" \/>\n\t<meta property=\"og:image:width\" content=\"716\" \/>\n\t<meta property=\"og:image:height\" content=\"556\" \/>\n\t<meta property=\"og:image:type\" content=\"image\/jpeg\" \/>\n<meta name=\"twitter:card\" content=\"summary_large_image\" \/>\n<meta name=\"twitter:label1\" content=\"Estimeret l\u00e6setid\" \/>\n\t<meta name=\"twitter:data1\" content=\"2 minutter\" \/>\n<script type=\"application\/ld+json\" class=\"yoast-schema-graph\">{\"@context\":\"https:\\\/\\\/schema.org\",\"@graph\":[{\"@type\":\"WebPage\",\"@id\":\"https:\\\/\\\/skovbokunst.dk\\\/index.php\\\/folkeudstillingen\\\/\",\"url\":\"https:\\\/\\\/skovbokunst.dk\\\/index.php\\\/folkeudstillingen\\\/\",\"name\":\"Folkeudstilling - Skovbo Kunstforening\",\"isPartOf\":{\"@id\":\"https:\\\/\\\/skovbokunst.dk\\\/#website\"},\"primaryImageOfPage\":{\"@id\":\"https:\\\/\\\/skovbokunst.dk\\\/index.php\\\/folkeudstillingen\\\/#primaryimage\"},\"image\":{\"@id\":\"https:\\\/\\\/skovbokunst.dk\\\/index.php\\\/folkeudstillingen\\\/#primaryimage\"},\"thumbnailUrl\":\"https:\\\/\\\/skovbokunst.dk\\\/wp-content\\\/uploads\\\/2024\\\/05\\\/Plakat-2023.jpg\",\"datePublished\":\"2024-04-28T18:01:39+00:00\",\"dateModified\":\"2025-10-03T11:48:52+00:00\",\"breadcrumb\":{\"@id\":\"https:\\\/\\\/skovbokunst.dk\\\/index.php\\\/folkeudstillingen\\\/#breadcrumb\"},\"inLanguage\":\"da-DK\",\"potentialAction\":[{\"@type\":\"ReadAction\",\"target\":[\"https:\\\/\\\/skovbokunst.dk\\\/index.php\\\/folkeudstillingen\\\/\"]}]},{\"@type\":\"ImageObject\",\"inLanguage\":\"da-DK\",\"@id\":\"https:\\\/\\\/skovbokunst.dk\\\/index.php\\\/folkeudstillingen\\\/#primaryimage\",\"url\":\"https:\\\/\\\/skovbokunst.dk\\\/wp-content\\\/uploads\\\/2024\\\/05\\\/Plakat-2023.jpg\",\"contentUrl\":\"https:\\\/\\\/skovbokunst.dk\\\/wp-content\\\/uploads\\\/2024\\\/05\\\/Plakat-2023.jpg\",\"width\":716,\"height\":556},{\"@type\":\"BreadcrumbList\",\"@id\":\"https:\\\/\\\/skovbokunst.dk\\\/index.php\\\/folkeudstillingen\\\/#breadcrumb\",\"itemListElement\":[{\"@type\":\"ListItem\",\"position\":1,\"name\":\"Hjem\",\"item\":\"https:\\\/\\\/skovbokunst.dk\\\/\"},{\"@type\":\"ListItem\",\"position\":2,\"name\":\"Folkeudstilling\"}]},{\"@type\":\"WebSite\",\"@id\":\"https:\\\/\\\/skovbokunst.dk\\\/#website\",\"url\":\"https:\\\/\\\/skovbokunst.dk\\\/\",\"name\":\"Skovbokunst\",\"description\":\"Kunst i Skovbo\",\"publisher\":{\"@id\":\"https:\\\/\\\/skovbokunst.dk\\\/#organization\"},\"potentialAction\":[{\"@type\":\"SearchAction\",\"target\":{\"@type\":\"EntryPoint\",\"urlTemplate\":\"https:\\\/\\\/skovbokunst.dk\\\/?s={search_term_string}\"},\"query-input\":{\"@type\":\"PropertyValueSpecification\",\"valueRequired\":true,\"valueName\":\"search_term_string\"}}],\"inLanguage\":\"da-DK\"},{\"@type\":\"Organization\",\"@id\":\"https:\\\/\\\/skovbokunst.dk\\\/#organization\",\"name\":\"Skovbo Kunstforening\",\"url\":\"https:\\\/\\\/skovbokunst.dk\\\/\",\"logo\":{\"@type\":\"ImageObject\",\"inLanguage\":\"da-DK\",\"@id\":\"https:\\\/\\\/skovbokunst.dk\\\/#\\\/schema\\\/logo\\\/image\\\/\",\"url\":\"https:\\\/\\\/skovbokunst.dk\\\/wp-content\\\/uploads\\\/2025\\\/09\\\/LOGO-med-tekst.jpg\",\"contentUrl\":\"https:\\\/\\\/skovbokunst.dk\\\/wp-content\\\/uploads\\\/2025\\\/09\\\/LOGO-med-tekst.jpg\",\"width\":292,\"height\":38,\"caption\":\"Skovbo Kunstforening\"},\"image\":{\"@id\":\"https:\\\/\\\/skovbokunst.dk\\\/#\\\/schema\\\/logo\\\/image\\\/\"}}]}<\/script>\n<!-- \/ Yoast SEO plugin. -->","yoast_head_json":{"title":"Folkeudstilling - Skovbo Kunstforening","robots":{"index":"index","follow":"follow","max-snippet":"max-snippet:-1","max-image-preview":"max-image-preview:large","max-video-preview":"max-video-preview:-1"},"canonical":"https:\/\/skovbokunst.dk\/index.php\/folkeudstillingen\/","og_locale":"da_DK","og_type":"article","og_title":"Folkeudstilling - Skovbo Kunstforening","og_description":"Folkeudstillingen 2025 Tilmeld dig her Hvert \u00e5r i november afholder Skovbo Kunstforening en \u00e5ben ucensureret folkeudstilling i Borup Kulturhus. Her kan alle udstille deres v\u00e6rker. P\u00e5 folkeudstillingen er der plads [&hellip;]","og_url":"https:\/\/skovbokunst.dk\/index.php\/folkeudstillingen\/","og_site_name":"Skovbo Kunstforening","article_modified_time":"2025-10-03T11:48:52+00:00","og_image":[{"width":716,"height":556,"url":"https:\/\/skovbokunst.dk\/wp-content\/uploads\/2024\/05\/Plakat-2023.jpg","type":"image\/jpeg"}],"twitter_card":"summary_large_image","twitter_misc":{"Estimeret l\u00e6setid":"2 minutter"},"schema":{"@context":"https:\/\/schema.org","@graph":[{"@type":"WebPage","@id":"https:\/\/skovbokunst.dk\/index.php\/folkeudstillingen\/","url":"https:\/\/skovbokunst.dk\/index.php\/folkeudstillingen\/","name":"Folkeudstilling - Skovbo Kunstforening","isPartOf":{"@id":"https:\/\/skovbokunst.dk\/#website"},"primaryImageOfPage":{"@id":"https:\/\/skovbokunst.dk\/index.php\/folkeudstillingen\/#primaryimage"},"image":{"@id":"https:\/\/skovbokunst.dk\/index.php\/folkeudstillingen\/#primaryimage"},"thumbnailUrl":"https:\/\/skovbokunst.dk\/wp-content\/uploads\/2024\/05\/Plakat-2023.jpg","datePublished":"2024-04-28T18:01:39+00:00","dateModified":"2025-10-03T11:48:52+00:00","breadcrumb":{"@id":"https:\/\/skovbokunst.dk\/index.php\/folkeudstillingen\/#breadcrumb"},"inLanguage":"da-DK","potentialAction":[{"@type":"ReadAction","target":["https:\/\/skovbokunst.dk\/index.php\/folkeudstillingen\/"]}]},{"@type":"ImageObject","inLanguage":"da-DK","@id":"https:\/\/skovbokunst.dk\/index.php\/folkeudstillingen\/#primaryimage","url":"https:\/\/skovbokunst.dk\/wp-content\/uploads\/2024\/05\/Plakat-2023.jpg","contentUrl":"https:\/\/skovbokunst.dk\/wp-content\/uploads\/2024\/05\/Plakat-2023.jpg","width":716,"height":556},{"@type":"BreadcrumbList","@id":"https:\/\/skovbokunst.dk\/index.php\/folkeudstillingen\/#breadcrumb","itemListElement":[{"@type":"ListItem","position":1,"name":"Hjem","item":"https:\/\/skovbokunst.dk\/"},{"@type":"ListItem","position":2,"name":"Folkeudstilling"}]},{"@type":"WebSite","@id":"https:\/\/skovbokunst.dk\/#website","url":"https:\/\/skovbokunst.dk\/","name":"Skovbokunst","description":"Kunst i Skovbo","publisher":{"@id":"https:\/\/skovbokunst.dk\/#organization"},"potentialAction":[{"@type":"SearchAction","target":{"@type":"EntryPoint","urlTemplate":"https:\/\/skovbokunst.dk\/?s={search_term_string}"},"query-input":{"@type":"PropertyValueSpecification","valueRequired":true,"valueName":"search_term_string"}}],"inLanguage":"da-DK"},{"@type":"Organization","@id":"https:\/\/skovbokunst.dk\/#organization","name":"Skovbo Kunstforening","url":"https:\/\/skovbokunst.dk\/","logo":{"@type":"ImageObject","inLanguage":"da-DK","@id":"https:\/\/skovbokunst.dk\/#\/schema\/logo\/image\/","url":"https:\/\/skovbokunst.dk\/wp-content\/uploads\/2025\/09\/LOGO-med-tekst.jpg","contentUrl":"https:\/\/skovbokunst.dk\/wp-content\/uploads\/2025\/09\/LOGO-med-tekst.jpg","width":292,"height":38,"caption":"Skovbo Kunstforening"},"image":{"@id":"https:\/\/skovbokunst.dk\/#\/schema\/logo\/image\/"}}]}},"_links":{"self":[{"href":"https:\/\/skovbokunst.dk\/index.php\/wp-json\/wp\/v2\/pages\/9","targetHints":{"allow":["GET"]}}],"collection":[{"href":"https:\/\/skovbokunst.dk\/index.php\/wp-json\/wp\/v2\/pages"}],"about":[{"href":"https:\/\/skovbokunst.dk\/index.php\/wp-json\/wp\/v2\/types\/page"}],"author":[{"embeddable":true,"href":"https:\/\/skovbokunst.dk\/index.php\/wp-json\/wp\/v2\/users\/1"}],"replies":[{"embeddable":true,"href":"https:\/\/skovbokunst.dk\/index.php\/wp-json\/wp\/v2\/comments?post=9"}],"version-history":[{"count":86,"href":"https:\/\/skovbokunst.dk\/index.php\/wp-json\/wp\/v2\/pages\/9\/revisions"}],"predecessor-version":[{"id":2708,"href":"https:\/\/skovbokunst.dk\/index.php\/wp-json\/wp\/v2\/pages\/9\/revisions\/2708"}],"wp:attachment":[{"href":"https:\/\/skovbokunst.dk\/index.php\/wp-json\/wp\/v2\/media?parent=9"}],"curies":[{"name":"wp","href":"https:\/\/api.w.org\/{rel}","templated":true}]}}